{"id":19,"date":"2017-01-18T20:50:46","date_gmt":"2017-01-18T19:50:46","guid":{"rendered":"https:\/\/bendixsoejberg.dk\/?page_id=19"},"modified":"2026-03-19T10:26:36","modified_gmt":"2026-03-19T09:26:36","slug":"kontakt","status":"publish","type":"page","link":"https:\/\/bendixsoejberg.dk\/?page_id=19","title":{"rendered":"Kontakt"},"content":{"rendered":"<p>Email os p\u00e5 <a href=\"mailto:salen@bendixsoejberg.dk\">salen(a)bendixsoejberg.dk<\/a><\/p>\n<p>Vi kan ogs\u00e5 n\u00e5s p\u00e5 vores mobil telefonnumre &#8211; gerne SMS<\/p>\n<p>Steffen &#8211; 71 19 31 15<\/p>\n<p>Anette &#8211; 30 74 19 37<\/p>\n\n\n<p><\/p>\n","protected":false},"excerpt":{"rendered":"<p>Email os p\u00e5 salen(a)bendixsoejberg.dk Vi kan ogs\u00e5 n\u00e5s p\u00e5 vores mobil telefonnumre &#8211; gerne SMS Steffen &#8211; 71 19 31 15 Anette &#8211; 30 74 19 37<\/p>\n","protected":false},"author":2,"featured_media":89,"parent":0,"menu_order":0,"comment_status":"closed","ping_status":"closed","template":"","meta":{"footnotes":""},"class_list":["post-19","page","type-page","status-publish","has-post-thumbnail","hentry"],"_links":{"self":[{"href":"https:\/\/bendixsoejberg.dk\/index.php?rest_route=\/wp\/v2\/pages\/19","targetHints":{"allow":["GET"]}}],"collection":[{"href":"https:\/\/bendixsoejberg.dk\/index.php?rest_route=\/wp\/v2\/pages"}],"about":[{"href":"https:\/\/bendixsoejberg.dk\/index.php?rest_route=\/wp\/v2\/types\/page"}],"author":[{"embeddable":true,"href":"https:\/\/bendixsoejberg.dk\/index.php?rest_route=\/wp\/v2\/users\/2"}],"replies":[{"embeddable":true,"href":"https:\/\/bendixsoejberg.dk\/index.php?rest_route=%2Fwp%2Fv2%2Fcomments&post=19"}],"version-history":[{"count":4,"href":"https:\/\/bendixsoejberg.dk\/index.php?rest_route=\/wp\/v2\/pages\/19\/revisions"}],"predecessor-version":[{"id":96,"href":"https:\/\/bendixsoejberg.dk\/index.php?rest_route=\/wp\/v2\/pages\/19\/revisions\/96"}],"wp:featuredmedia":[{"embeddable":true,"href":"https:\/\/bendixsoejberg.dk\/index.php?rest_route=\/wp\/v2\/media\/89"}],"wp:attachment":[{"href":"https:\/\/bendixsoejberg.dk\/index.php?rest_route=%2Fwp%2Fv2%2Fmedia&parent=19"}],"curies":[{"name":"wp","href":"https:\/\/api.w.org\/{rel}","templated":true}]}}